{"id":3719,"date":"2025-11-06T15:01:21","date_gmt":"2025-11-06T14:01:21","guid":{"rendered":"https:\/\/lesconnectees.org\/?page_id=3719"},"modified":"2025-11-06T16:18:13","modified_gmt":"2025-11-06T15:18:13","slug":"politique-de-confidentialite","status":"publish","type":"page","link":"https:\/\/lesconnectees.org\/index.php\/politique-de-confidentialite\/","title":{"rendered":"Politique de confidentialit\u00e9"},"content":{"rendered":"\n<!-- Page : Politique de confidentialit\u00e9 -->\n<section class=\"legal-content\">\n\n  <h1>Politique de confidentialit\u00e9<\/h1>\n\n  <h2>1. Collecte des donn\u00e9es personnelles<\/h2>\n  <p>Lorsque vous laissez un commentaire sur notre site, nous collectons les donn\u00e9es inscrites dans le formulaire, votre adresse IP et l\u2019agent utilisateur de votre navigateur. Ces informations aident \u00e0 la d\u00e9tection des commentaires ind\u00e9sirables.<\/p>\n  <p>Une cha\u00eene anonymis\u00e9e (hash) cr\u00e9\u00e9e \u00e0 partir de votre adresse e-mail peut \u00eatre envoy\u00e9e au service Gravatar. Apr\u00e8s validation, votre photo de profil est visible publiquement \u00e0 c\u00f4t\u00e9 de votre commentaire.<\/p>\n\n  <h2>2. T\u00e9l\u00e9versement d\u2019images<\/h2>\n  <p>Si vous t\u00e9l\u00e9versez des images, \u00e9vitez les fichiers contenant des donn\u00e9es EXIF incluant vos coordonn\u00e9es GPS. Les visiteurs pourraient extraire ces donn\u00e9es \u00e0 partir des images publi\u00e9es.<\/p>\n\n  <h2>3. Cookies<\/h2>\n  <p>Si vous commentez, votre nom, e-mail et site peuvent \u00eatre enregistr\u00e9s dans des cookies pendant un an. Ces cookies facilitent vos prochains commentaires sans ressaisir vos donn\u00e9es.<\/p>\n  <p>Des cookies temporaires peuvent \u00eatre cr\u00e9\u00e9s pour v\u00e9rifier l\u2019acceptation des cookies ou sauvegarder vos pr\u00e9f\u00e9rences d\u2019\u00e9cran. Les cookies de session expirent apr\u00e8s deux jours, ou deux semaines avec \u201cSe souvenir de moi\u201d.<\/p>\n\n  <h2>4. Contenus int\u00e9gr\u00e9s<\/h2>\n  <p>Les articles de ce site peuvent inclure des contenus int\u00e9gr\u00e9s (vid\u00e9os, images, articles). Ces sites externes peuvent collecter vos donn\u00e9es et suivre vos interactions si vous \u00eates connect\u00e9s \u00e0 leur plateforme.<\/p>\n\n  <h2>5. Utilisation et transmission des donn\u00e9es<\/h2>\n  <p>Si vous demandez une r\u00e9initialisation de mot de passe, votre adresse IP sera incluse dans l\u2019e-mail envoy\u00e9. Les commentaires sont analys\u00e9s par un service automatique anti-spam.<\/p>\n\n  <h2>6. Conservation des donn\u00e9es<\/h2>\n  <p>Les commentaires et leurs m\u00e9tadonn\u00e9es sont conserv\u00e9s ind\u00e9finiment pour faciliter l\u2019approbation des suivants. Les comptes utilisateurs peuvent modifier ou supprimer leurs donn\u00e9es \u00e0 tout moment, sauf leur identifiant.<\/p>\n\n  <h2>7. Vos droits<\/h2>\n  <p>Vous pouvez demander une copie des donn\u00e9es personnelles vous concernant ou leur suppression \u00e0 cette adresse mail lesconnectees.iinaf@gmail.com<\/p>\n\n<\/section>\n","protected":false},"excerpt":{"rendered":"<p>Politique de confidentialit\u00e9 1. Collecte des donn\u00e9es personnelles Lorsque vous laissez un commentaire sur notre site, nous collectons les donn\u00e9es inscrites dans le formulaire, votre adresse IP et l\u2019agent utilisateur de votre navigateur. Ces informations aident \u00e0 la d\u00e9tection des commentaires ind\u00e9sirables. Une cha\u00eene anonymis\u00e9e (hash) cr\u00e9\u00e9e \u00e0 partir de votre adresse e-mail peut \u00eatre&#8230;<\/p>\n","protected":false},"author":1,"featured_media":0,"parent":0,"menu_order":0,"comment_status":"closed","ping_status":"closed","template":"","meta":{"_kadence_starter_templates_imported_post":false,"_kad_post_transparent":"","_kad_post_title":"","_kad_post_layout":"","_kad_post_sidebar_id":"","_kad_post_content_style":"","_kad_post_vertical_padding":"","_kad_post_feature":"","_kad_post_feature_position":"","_kad_post_header":false,"_kad_post_footer":false,"_kad_post_classname":"","footnotes":""},"class_list":["post-3719","page","type-page","status-publish","hentry"],"_links":{"self":[{"href":"https:\/\/lesconnectees.org\/index.php\/wp-json\/wp\/v2\/pages\/3719","targetHints":{"allow":["GET"]}}],"collection":[{"href":"https:\/\/lesconnectees.org\/index.php\/wp-json\/wp\/v2\/pages"}],"about":[{"href":"https:\/\/lesconnectees.org\/index.php\/wp-json\/wp\/v2\/types\/page"}],"author":[{"embeddable":true,"href":"https:\/\/lesconnectees.org\/index.php\/wp-json\/wp\/v2\/users\/1"}],"replies":[{"embeddable":true,"href":"https:\/\/lesconnectees.org\/index.php\/wp-json\/wp\/v2\/comments?post=3719"}],"version-history":[{"count":9,"href":"https:\/\/lesconnectees.org\/index.php\/wp-json\/wp\/v2\/pages\/3719\/revisions"}],"predecessor-version":[{"id":3743,"href":"https:\/\/lesconnectees.org\/index.php\/wp-json\/wp\/v2\/pages\/3719\/revisions\/3743"}],"wp:attachment":[{"href":"https:\/\/lesconnectees.org\/index.php\/wp-json\/wp\/v2\/media?parent=3719"}],"curies":[{"name":"wp","href":"https:\/\/api.w.org\/{rel}","templated":true}]}}