{"id":2955,"date":"2021-04-27T14:34:21","date_gmt":"2021-04-27T14:34:21","guid":{"rendered":"https:\/\/stage.startertemplatecloud.com\/g04\/?page_id=2955"},"modified":"2025-10-31T15:47:41","modified_gmt":"2025-10-31T14:47:41","slug":"nous-soutenir","status":"publish","type":"page","link":"https:\/\/lesconnectees.org\/index.php\/nous-soutenir\/","title":{"rendered":"Nous soutenir"},"content":{"rendered":"<style>.kb-row-layout-wrap.wp-block-kadence-rowlayout.kb-row-layout-id2955_1fb58a-7e{margin-top:60px;margin-bottom:0px;}.kb-row-layout-id2955_1fb58a-7e > .kt-row-column-wrap{align-content:start;}:where(.kb-row-layout-id2955_1fb58a-7e > .kt-row-column-wrap) > .wp-block-kadence-column{justify-content:start;}.kb-row-layout-id2955_1fb58a-7e > .kt-row-column-wrap{column-gap:var(--global-kb-gap-none, 0rem );row-gap:var(--global-kb-gap-none, 0rem );max-width:500px;margin-left:auto;margin-right:auto;padding-top:0px;padding-right:0px;padding-bottom:0px;padding-left:0px;grid-template-columns:minmax(0, 1fr);}.kb-row-layout-id2955_1fb58a-7e > .kt-row-layout-overlay{opacity:0.30;}@media all and (max-width: 1024px){.kb-row-layout-id2955_1fb58a-7e > .kt-row-column-wrap{padding-top:0px;padding-right:100px;padding-bottom:0px;padding-left:100px;grid-template-columns:minmax(0, 1fr);}}@media all and (max-width: 767px){.kb-row-layout-id2955_1fb58a-7e > .kt-row-column-wrap{padding-right:30px;padding-left:30px;grid-template-columns:minmax(0, 1fr);}.kb-row-layout-id2955_1fb58a-7e > .kt-row-column-wrap > .wp-block-kadence-column:nth-child(1 of *:not(style)){order:1;}.kb-row-layout-id2955_1fb58a-7e > .kt-row-column-wrap > .wp-block-kadence-column:nth-child(2 of *:not(style)){order:11;}.kb-row-layout-id2955_1fb58a-7e > .kt-row-column-wrap > .wp-block-kadence-column:nth-child(3 of *:not(style)){order:21;}.kb-row-layout-id2955_1fb58a-7e > .kt-row-column-wrap > .wp-block-kadence-column:nth-child(4 of *:not(style)){order:31;}}<\/style><div class=\"kb-row-layout-wrap kb-row-layout-id2955_1fb58a-7e alignnone wp-block-kadence-rowlayout\"><div class=\"kt-row-column-wrap kt-has-1-columns kt-row-layout-equal kt-tab-layout-inherit kt-mobile-layout-row kt-row-valign-top\">\n<style>.kadence-column2955_60c354-21 > .kt-inside-inner-col,.kadence-column2955_60c354-21 > .kt-inside-inner-col:before{border-top-left-radius:0px;border-top-right-radius:0px;border-bottom-right-radius:0px;border-bottom-left-radius:0px;}.kadence-column2955_60c354-21 > .kt-inside-inner-col{column-gap:var(--global-kb-gap-sm, 1rem);}.kadence-column2955_60c354-21 > .kt-inside-inner-col{flex-direction:column;}.kadence-column2955_60c354-21 > .kt-inside-inner-col > .aligncenter{width:100%;}.kadence-column2955_60c354-21 > .kt-inside-inner-col:before{opacity:0.3;}.kadence-column2955_60c354-21{position:relative;}@media all and (max-width: 1024px){.kadence-column2955_60c354-21 > .kt-inside-inner-col{flex-direction:column;justify-content:center;}}@media all and (max-width: 767px){.kadence-column2955_60c354-21 > .kt-inside-inner-col{flex-direction:column;justify-content:center;}}<\/style>\n<div class=\"wp-block-kadence-column kadence-column2955_60c354-21\"><div class=\"kt-inside-inner-col\"><style>.kadence-column2955_42dea8-54 > .kt-inside-inner-col{display:flex;}.kadence-column2955_42dea8-54 > .kt-inside-inner-col{padding-top:10px;padding-right:10px;padding-bottom:10px;padding-left:10px;}.kadence-column2955_42dea8-54 > .kt-inside-inner-col,.kadence-column2955_42dea8-54 > .kt-inside-inner-col:before{border-top-left-radius:0px;border-top-right-radius:0px;border-bottom-right-radius:0px;border-bottom-left-radius:0px;}.kadence-column2955_42dea8-54 > .kt-inside-inner-col{column-gap:var(--global-kb-gap-sm, 1rem);}.kadence-column2955_42dea8-54 > .kt-inside-inner-col{flex-direction:column-reverse;align-items:center;}.kadence-column2955_42dea8-54 > .kt-inside-inner-col > .kb-image-is-ratio-size{align-self:stretch;}.kadence-column2955_42dea8-54 > .kt-inside-inner-col > .wp-block-kadence-advancedgallery{align-self:stretch;}.kadence-column2955_42dea8-54 > .kt-inside-inner-col > .aligncenter{width:100%;}.kadence-column2955_42dea8-54 > .kt-inside-inner-col:before{opacity:0.3;}.kadence-column2955_42dea8-54{text-align:center;}.kadence-column2955_42dea8-54{position:relative;}@media all and (max-width: 1024px){.kadence-column2955_42dea8-54 > .kt-inside-inner-col{flex-direction:column-reverse;justify-content:center;align-items:center;}}@media all and (max-width: 767px){.kadence-column2955_42dea8-54 > .kt-inside-inner-col{flex-direction:column-reverse;justify-content:center;align-items:center;}}<\/style>\n<div class=\"wp-block-kadence-column kadence-column2955_42dea8-54 kb-section-dir-vertical-reverse inner-column-1\"><div class=\"kt-inside-inner-col\"><style>.wp-block-kadence-advancedgallery .kb-gallery-type-grid.kb-gallery-id-2955_9b570c-bd{margin:-0px;}.kb-gallery-type-grid.kb-gallery-id-2955_9b570c-bd .kadence-blocks-gallery-item{padding:0px;}.kb-gallery-id-2955_9b570c-bd .kadence-blocks-gallery-item .kb-gal-image-radius, .kb-gallery-id-2955_9b570c-bd .kb-slide-item .kb-gal-image-radius img{border-radius:200px 200px 200px 200px;;}<\/style><div class=\"kb-gallery-wrap-id-2955_9b570c-bd alignnone wp-block-kadence-advancedgallery\"><ul class=\"kb-gallery-ul kb-gallery-non-static kb-gallery-type-grid kb-gallery-id-2955_9b570c-bd kb-gallery-caption-style-bottom-hover kb-gallery-filter-none\" data-image-filter=\"none\" data-item-selector=\".kadence-blocks-gallery-item\" data-lightbox-caption=\"true\" data-columns-xxl=\"1\" data-columns-xl=\"1\" data-columns-md=\"1\" data-columns-sm=\"1\" data-columns-xs=\"1\" data-columns-ss=\"1\"><li class=\"kadence-blocks-gallery-item\" tabindex=\"0\"><div class=\"kadence-blocks-gallery-item-inner\"><figure class=\"kb-gallery-figure kadence-blocks-gallery-item-hide-caption\"><div class=\"kb-gal-image-radius\"><div class=\"kb-gallery-image-contain kadence-blocks-gallery-intrinsic kb-gallery-image-ratio-square kb-has-image-ratio-square\" ><img loading=\"lazy\" decoding=\"async\" src=\"http:\/\/lesconnectees.org\/wp-content\/uploads\/2025\/10\/unnamed.png\" width=\"1000\" height=\"1000\" alt=\"\" data-full-image=\"http:\/\/lesconnectees.org\/wp-content\/uploads\/2025\/10\/unnamed.png\" data-light-image=\"http:\/\/lesconnectees.org\/wp-content\/uploads\/2025\/10\/unnamed.png\" data-id=\"3417\" class=\"wp-image-3417\" srcset=\"https:\/\/lesconnectees.org\/wp-content\/uploads\/2025\/10\/unnamed.png 1000w, https:\/\/lesconnectees.org\/wp-content\/uploads\/2025\/10\/unnamed-300x300.png 300w, https:\/\/lesconnectees.org\/wp-content\/uploads\/2025\/10\/unnamed-150x150.png 150w, https:\/\/lesconnectees.org\/wp-content\/uploads\/2025\/10\/unnamed-768x768.png 768w\" sizes=\"auto, (max-width: 1000px) 100vw, 1000px\" \/><\/div><\/div><\/figure><\/div><\/li><\/ul><\/div><\/div><\/div>\n<\/div><\/div>\n\n\n<style>.kadence-column2955_a855b0-07 > .kt-inside-inner-col,.kadence-column2955_a855b0-07 > .kt-inside-inner-col:before{border-top-left-radius:0px;border-top-right-radius:0px;border-bottom-right-radius:0px;border-bottom-left-radius:0px;}.kadence-column2955_a855b0-07 > .kt-inside-inner-col{column-gap:var(--global-kb-gap-sm, 1rem);}.kadence-column2955_a855b0-07 > .kt-inside-inner-col{flex-direction:column;}.kadence-column2955_a855b0-07 > .kt-inside-inner-col > .aligncenter{width:100%;}.kadence-column2955_a855b0-07 > .kt-inside-inner-col:before{opacity:0.3;}.kadence-column2955_a855b0-07{position:relative;}@media all and (max-width: 1024px){.kadence-column2955_a855b0-07 > .kt-inside-inner-col{flex-direction:column;justify-content:center;}}@media all and (max-width: 767px){.kadence-column2955_a855b0-07 > .kt-inside-inner-col{flex-direction:column;justify-content:center;}}<\/style>\n<div class=\"wp-block-kadence-column kadence-column2955_a855b0-07\"><div class=\"kt-inside-inner-col\"><\/div><\/div>\n\n<\/div><\/div>\n\n<style>.kb-row-layout-wrap.wp-block-kadence-rowlayout.kb-row-layout-id2955_9ebe02-ef{margin-top:0px;margin-bottom:0px;}.kb-row-layout-id2955_9ebe02-ef > .kt-row-column-wrap{align-content:end;}:where(.kb-row-layout-id2955_9ebe02-ef > .kt-row-column-wrap) > .wp-block-kadence-column{justify-content:end;}.kb-row-layout-id2955_9ebe02-ef > .kt-row-column-wrap{column-gap:var(--global-kb-gap-none, 0rem );row-gap:var(--global-kb-gap-none, 0rem );padding-top:0px;padding-right:0px;padding-bottom:0px;padding-left:0px;grid-template-columns:minmax(0, 1fr);}.kb-row-layout-id2955_9ebe02-ef{border-top-left-radius:0px;border-top-right-radius:0px;border-bottom-right-radius:0px;border-bottom-left-radius:0px;}.kb-row-layout-id2955_9ebe02-ef > .kt-row-layout-overlay{opacity:0.30;}@media all and (max-width: 1024px){.kb-row-layout-id2955_9ebe02-ef > .kt-row-column-wrap{padding-right:0px;padding-left:0px;grid-template-columns:minmax(0, 1fr);}}@media all and (max-width: 767px){.kb-row-layout-id2955_9ebe02-ef > .kt-row-column-wrap{padding-right:0px;padding-left:0px;grid-template-columns:minmax(0, 1fr);}}<\/style><div class=\"kb-row-layout-wrap kb-row-layout-id2955_9ebe02-ef alignnone wp-block-kadence-rowlayout\"><div class=\"kt-row-column-wrap kt-has-1-columns kt-row-layout-equal kt-tab-layout-inherit kt-mobile-layout-row kt-row-valign-bottom\">\n<style>.kadence-column2955_831a31-36 > .kt-inside-inner-col,.kadence-column2955_831a31-36 > .kt-inside-inner-col:before{border-top-left-radius:0px;border-top-right-radius:0px;border-bottom-right-radius:0px;border-bottom-left-radius:0px;}.kadence-column2955_831a31-36 > .kt-inside-inner-col{column-gap:var(--global-kb-gap-sm, 1rem);}.kadence-column2955_831a31-36 > .kt-inside-inner-col{flex-direction:column;}.kadence-column2955_831a31-36 > .kt-inside-inner-col > .aligncenter{width:100%;}.kadence-column2955_831a31-36 > .kt-inside-inner-col:before{opacity:0.3;}.kadence-column2955_831a31-36{position:relative;}@media all and (max-width: 1024px){.kadence-column2955_831a31-36 > .kt-inside-inner-col{flex-direction:column;justify-content:center;}}@media all and (max-width: 767px){.kadence-column2955_831a31-36 > .kt-inside-inner-col{flex-direction:column;justify-content:center;}}<\/style>\n<div class=\"wp-block-kadence-column kadence-column2955_831a31-36\"><div class=\"kt-inside-inner-col\"><\/div><\/div>\n\n<\/div><\/div>\n\n<style>.kadence-column2955_ac0b7c-ba > .kt-inside-inner-col,.kadence-column2955_ac0b7c-ba > .kt-inside-inner-col:before{border-top-left-radius:0px;border-top-right-radius:0px;border-bottom-right-radius:0px;border-bottom-left-radius:0px;}.kadence-column2955_ac0b7c-ba > .kt-inside-inner-col{column-gap:var(--global-kb-gap-sm, 1rem);}.kadence-column2955_ac0b7c-ba > .kt-inside-inner-col{flex-direction:column;}.kadence-column2955_ac0b7c-ba > .kt-inside-inner-col > .aligncenter{width:100%;}.kadence-column2955_ac0b7c-ba > .kt-inside-inner-col:before{opacity:0.3;}.kadence-column2955_ac0b7c-ba{position:relative;}@media all and (max-width: 1024px){.kadence-column2955_ac0b7c-ba > .kt-inside-inner-col{flex-direction:column;justify-content:center;}}@media all and (max-width: 767px){.kadence-column2955_ac0b7c-ba > .kt-inside-inner-col{flex-direction:column;justify-content:center;}}<\/style>\n<div class=\"wp-block-kadence-column kadence-column2955_ac0b7c-ba\"><div class=\"kt-inside-inner-col\"><\/div><\/div>\n\n\n<style>.kb-row-layout-id2955_035c6b-cf > .kt-row-column-wrap{align-content:start;}:where(.kb-row-layout-id2955_035c6b-cf > .kt-row-column-wrap) > .wp-block-kadence-column{justify-content:start;}.kb-row-layout-id2955_035c6b-cf > .kt-row-column-wrap{column-gap:var(--global-kb-gap-none, 0rem );row-gap:var(--global-kb-gap-none, 0rem );max-width:1140px;margin-left:auto;margin-right:auto;padding-top:120px;padding-right:0px;padding-bottom:120px;padding-left:0px;grid-template-columns:minmax(0, 1fr);}.kb-row-layout-id2955_035c6b-cf > .kt-row-layout-overlay{opacity:0.30;}@media all and (max-width: 1024px){.kb-row-layout-wrap.wp-block-kadence-rowlayout.kb-row-layout-id2955_035c6b-cf{margin-top:0px;margin-bottom:0px;}}@media all and (max-width: 1024px){.kb-row-layout-id2955_035c6b-cf > .kt-row-column-wrap{padding-top:90px;padding-right:100px;padding-bottom:90px;padding-left:100px;grid-template-columns:minmax(0, 1fr);}}@media all and (max-width: 767px){.kb-row-layout-wrap.wp-block-kadence-rowlayout.kb-row-layout-id2955_035c6b-cf{margin-top:0px;margin-bottom:0px;}.kb-row-layout-id2955_035c6b-cf > .kt-row-column-wrap{padding-top:60px;padding-right:0px;padding-bottom:60px;padding-left:0px;grid-template-columns:minmax(0, 1fr);}}<\/style><div class=\"kb-row-layout-wrap kb-row-layout-id2955_035c6b-cf alignnone has-theme-palette8-background-color kt-row-has-bg wp-block-kadence-rowlayout\"><div class=\"kt-row-column-wrap kt-has-1-columns kt-row-layout-equal kt-tab-layout-inherit kt-mobile-layout-row kt-row-valign-top\">\n<style>.kadence-column2955_940b9a-5c > .kt-inside-inner-col{padding-top:10px;padding-right:10px;padding-bottom:10px;padding-left:10px;}.kadence-column2955_940b9a-5c > .kt-inside-inner-col,.kadence-column2955_940b9a-5c > .kt-inside-inner-col:before{border-top-left-radius:0px;border-top-right-radius:0px;border-bottom-right-radius:0px;border-bottom-left-radius:0px;}.kadence-column2955_940b9a-5c > .kt-inside-inner-col{column-gap:var(--global-kb-gap-sm, 1rem);}.kadence-column2955_940b9a-5c > .kt-inside-inner-col{flex-direction:column;}.kadence-column2955_940b9a-5c > .kt-inside-inner-col > .aligncenter{width:100%;}.kadence-column2955_940b9a-5c > .kt-inside-inner-col:before{opacity:0.3;}.kadence-column2955_940b9a-5c{position:relative;}@media all and (max-width: 1024px){.kadence-column2955_940b9a-5c > .kt-inside-inner-col{flex-direction:column;justify-content:center;}}@media all and (max-width: 767px){.kadence-column2955_940b9a-5c > .kt-inside-inner-col{padding-top:0px;padding-right:30px;padding-bottom:0px;padding-left:30px;flex-direction:column;justify-content:center;}}<\/style>\n<div class=\"wp-block-kadence-column kadence-column2955_940b9a-5c inner-column-1\"><div class=\"kt-inside-inner-col\"><style>.wp-block-kadence-advancedbtn.kb-btns2955_eb2e36-d5{gap:var(--global-kb-gap-xs, 0.5rem );justify-content:center;align-items:center;}.kt-btns2955_eb2e36-d5 .kt-button{font-weight:normal;font-style:normal;}@media all and (max-width: 767px){.wp-block-kadence-advancedbtn.kb-btns2955_eb2e36-d5{justify-content:flex-start;}}<\/style>\n<div class=\"wp-block-kadence-advancedbtn kb-buttons-wrap kb-btns2955_eb2e36-d5\"><style>ul.menu .wp-block-kadence-advancedbtn .kb-btn2955_84ba71-df.kb-button{width:initial;}.wp-block-kadence-advancedbtn .kb-btn2955_84ba71-df.kb-button{font-size:18px;letter-spacing:0.5px;font-weight:bold;padding-top:18px;padding-right:60px;padding-bottom:18px;padding-left:60px;}<\/style><a class=\"kb-button kt-button button kb-btn2955_84ba71-df kt-btn-size-standard kt-btn-width-type-auto kb-btn-global-inherit  kt-btn-has-text-true kt-btn-has-svg-false  wp-block-button__link wp-block-kadence-singlebtn\" href=\"https:\/\/association-les-connectees-iinaf.s2.yapla.com\/fr\/campaign-9917\/detail\/aidez-nous-a-briser-la-fracture-numerique\/9917\"><span class=\"kt-btn-inner-text\">Faire un don <\/span><\/a><\/div>\n\n\n\n<p class=\"has-text-align-center\">Souhaitez-vous nous faire un don financier ? Cliquez sur le bouton ci-dessus pour conna\u00eetre l&rsquo;ensemble des d\u00e9tails.<br>Si vous pr\u00e9f\u00e9rez plut\u00f4t nous faire un don de mat\u00e9riels, n&rsquo;h\u00e9sitez pas \u00e0 nous contacter par le formulaire disponible sur&nbsp;<a href=\"https:\/\/docs.google.com\/forms\/d\/1RnJGHpkpCEWt90_28qSnRKzk9WOtsir0s76-p0k4goA\/edit\" data-type=\"link\" data-id=\"https:\/\/docs.google.com\/forms\/d\/1RnJGHpkpCEWt90_28qSnRKzk9WOtsir0s76-p0k4goA\/edit\"><strong>cette page.<\/strong>&nbsp;<\/a><\/p>\n<\/div><\/div>\n\n<\/div><\/div>\n\n\n<p><\/p>\n","protected":false},"excerpt":{"rendered":"<p>Souhaitez-vous nous faire un don financier ? Cliquez sur le bouton ci-dessus pour conna\u00eetre l&rsquo;ensemble des d\u00e9tails.Si vous pr\u00e9f\u00e9rez plut\u00f4t nous faire un don de mat\u00e9riels, n&rsquo;h\u00e9sitez pas \u00e0 nous contacter par le formulaire disponible sur&nbsp;cette page.&nbsp;<\/p>\n","protected":false},"author":2,"featured_media":3082,"parent":0,"menu_order":1,"comment_status":"closed","ping_status":"closed","template":"","meta":{"_kadence_starter_templates_imported_post":true,"_kad_post_transparent":"","_kad_post_title":"hide","_kad_post_layout":"fullwidth","_kad_post_sidebar_id":"","_kad_post_content_style":"unboxed","_kad_post_vertical_padding":"hide","_kad_post_feature":"hide","_kad_post_feature_position":"","_kad_post_header":false,"_kad_post_footer":false,"_kad_post_classname":"","footnotes":""},"class_list":["post-2955","page","type-page","status-publish","has-post-thumbnail","hentry"],"_links":{"self":[{"href":"https:\/\/lesconnectees.org\/index.php\/wp-json\/wp\/v2\/pages\/2955","targetHints":{"allow":["GET"]}}],"collection":[{"href":"https:\/\/lesconnectees.org\/index.php\/wp-json\/wp\/v2\/pages"}],"about":[{"href":"https:\/\/lesconnectees.org\/index.php\/wp-json\/wp\/v2\/types\/page"}],"author":[{"embeddable":true,"href":"https:\/\/lesconnectees.org\/index.php\/wp-json\/wp\/v2\/users\/2"}],"replies":[{"embeddable":true,"href":"https:\/\/lesconnectees.org\/index.php\/wp-json\/wp\/v2\/comments?post=2955"}],"version-history":[{"count":6,"href":"https:\/\/lesconnectees.org\/index.php\/wp-json\/wp\/v2\/pages\/2955\/revisions"}],"predecessor-version":[{"id":3618,"href":"https:\/\/lesconnectees.org\/index.php\/wp-json\/wp\/v2\/pages\/2955\/revisions\/3618"}],"wp:featuredmedia":[{"embeddable":true,"href":"https:\/\/lesconnectees.org\/index.php\/wp-json\/wp\/v2\/media\/3082"}],"wp:attachment":[{"href":"https:\/\/lesconnectees.org\/index.php\/wp-json\/wp\/v2\/media?parent=2955"}],"curies":[{"name":"wp","href":"https:\/\/api.w.org\/{rel}","templated":true}]}}