{"id":2717,"date":"2021-04-21T13:51:41","date_gmt":"2021-04-21T13:51:41","guid":{"rendered":"https:\/\/stage.startertemplatecloud.com\/g04\/?page_id=2717"},"modified":"2025-12-09T11:23:20","modified_gmt":"2025-12-09T10:23:20","slug":"nos-formations","status":"publish","type":"page","link":"https:\/\/lesconnectees.org\/index.php\/nos-formations\/","title":{"rendered":"Nos formations"},"content":{"rendered":"<style>.kb-row-layout-wrap.wp-block-kadence-rowlayout.kb-row-layout-id2717_896269-db{margin-top:0px;margin-bottom:0px;}.kb-row-layout-id2717_896269-db > .kt-row-column-wrap{align-content:end;}:where(.kb-row-layout-id2717_896269-db > .kt-row-column-wrap) > .wp-block-kadence-column{justify-content:end;}.kb-row-layout-id2717_896269-db > .kt-row-column-wrap{column-gap:var(--global-kb-gap-none, 0rem );row-gap:var(--global-kb-gap-none, 0rem );padding-top:0px;padding-right:0px;padding-bottom:0px;padding-left:0px;grid-template-columns:minmax(0, 1fr);}.kb-row-layout-id2717_896269-db{border-top-left-radius:0px;border-top-right-radius:0px;border-bottom-right-radius:0px;border-bottom-left-radius:0px;}.kb-row-layout-id2717_896269-db > .kt-row-layout-overlay{opacity:0.30;}@media all and (max-width: 1024px){.kb-row-layout-id2717_896269-db > .kt-row-column-wrap{padding-right:0px;padding-left:0px;grid-template-columns:minmax(0, 1fr);}}@media all and (max-width: 767px){.kb-row-layout-id2717_896269-db > .kt-row-column-wrap{padding-right:0px;padding-left:0px;grid-template-columns:minmax(0, 1fr);}}<\/style><div class=\"kb-row-layout-wrap kb-row-layout-id2717_896269-db alignnone wp-block-kadence-rowlayout\"><div class=\"kt-row-column-wrap kt-has-1-columns kt-row-layout-equal kt-tab-layout-inherit kt-mobile-layout-row kt-row-valign-bottom\">\n<style>.kadence-column2717_d5c747-71 > .kt-inside-inner-col{padding-top:0px;padding-right:0px;padding-bottom:0px;padding-left:0px;}.kadence-column2717_d5c747-71 > .kt-inside-inner-col,.kadence-column2717_d5c747-71 > .kt-inside-inner-col:before{border-top-left-radius:10px;border-top-right-radius:10px;border-bottom-right-radius:10px;border-bottom-left-radius:10px;}.kadence-column2717_d5c747-71 > .kt-inside-inner-col{column-gap:var(--global-kb-gap-sm, 1rem);}.kadence-column2717_d5c747-71 > .kt-inside-inner-col{flex-direction:column;}.kadence-column2717_d5c747-71 > .kt-inside-inner-col > .aligncenter{width:100%;}.kadence-column2717_d5c747-71 > .kt-inside-inner-col{background-color:#d8dee3;background-image:url('http:\/\/lesconnectees.org\/wp-content\/uploads\/2020\/11\/page_bg_03.jpg');background-size:cover;background-position:center center;background-attachment:scroll;background-repeat:no-repeat;}.kadence-column2717_d5c747-71 > .kt-inside-inner-col:before{opacity:0.3;}.kadence-column2717_d5c747-71{position:relative;}.kadence-column2717_d5c747-71, .kt-inside-inner-col > .kadence-column2717_d5c747-71:not(.specificity){margin-top:10px;margin-right:20px;margin-bottom:0px;margin-left:20px;}@media all and (max-width: 1024px){.kadence-column2717_d5c747-71 > .kt-inside-inner-col{padding-top:0px;padding-right:30px;padding-bottom:30px;padding-left:30px;flex-direction:column;justify-content:center;}}@media all and (max-width: 1024px){.kadence-column2717_d5c747-71, .kt-inside-inner-col > .kadence-column2717_d5c747-71:not(.specificity){margin-top:0px;margin-right:0px;margin-bottom:0px;margin-left:0px;}}@media all and (max-width: 767px){.kadence-column2717_d5c747-71 > .kt-inside-inner-col{padding-top:0px;padding-right:30px;padding-bottom:0px;padding-left:30px;flex-direction:column;justify-content:center;}.kadence-column2717_d5c747-71, .kt-inside-inner-col > .kadence-column2717_d5c747-71:not(.specificity){margin-top:0px;margin-right:0px;margin-bottom:0px;margin-left:0px;}}<\/style>\n<div class=\"wp-block-kadence-column kadence-column2717_d5c747-71 inner-column-1\"><div class=\"kt-inside-inner-col\"><style>.kb-row-layout-wrap.wp-block-kadence-rowlayout.kb-row-layout-id2717_fd5860-a9{margin-top:150px;margin-bottom:0px;}.kb-row-layout-id2717_fd5860-a9 > .kt-row-column-wrap{align-content:end;}:where(.kb-row-layout-id2717_fd5860-a9 > .kt-row-column-wrap) > .wp-block-kadence-column{justify-content:end;}.kb-row-layout-id2717_fd5860-a9 > .kt-row-column-wrap{column-gap:var(--global-kb-gap-none, 0rem );row-gap:var(--global-kb-gap-none, 0rem );max-width:1140px;margin-left:auto;margin-right:auto;padding-top:0px;padding-right:0px;padding-bottom:0px;padding-left:0px;grid-template-columns:minmax(0, calc(47.2% - ((var(--global-kb-gap-none, 0rem ) * 1 )\/2)))minmax(0, calc(52.8% - ((var(--global-kb-gap-none, 0rem ) * 1 )\/2)));}.kb-row-layout-id2717_fd5860-a9 > .kt-row-layout-overlay{opacity:0.30;}@media all and (max-width: 1024px){.kb-row-layout-wrap.wp-block-kadence-rowlayout.kb-row-layout-id2717_fd5860-a9{margin-top:200px;margin-bottom:60px;}}@media all and (max-width: 1024px){.kb-row-layout-id2717_fd5860-a9 > .kt-row-column-wrap{padding-top:0px;padding-right:100px;padding-bottom:0px;padding-left:100px;grid-template-columns:minmax(0, 1fr);}}@media all and (max-width: 767px){.kb-row-layout-wrap.wp-block-kadence-rowlayout.kb-row-layout-id2717_fd5860-a9{margin-top:0px;margin-bottom:0px;}.kb-row-layout-id2717_fd5860-a9 > .kt-row-column-wrap{padding-top:0px;padding-right:0px;padding-bottom:0px;padding-left:0px;grid-template-columns:minmax(0, 1fr);}}<\/style><div class=\"kb-row-layout-wrap kb-row-layout-id2717_fd5860-a9 alignnone wp-block-kadence-rowlayout\"><div class=\"kt-row-column-wrap kt-has-2-columns kt-row-layout-equal kt-tab-layout-row kt-mobile-layout-row kt-row-valign-bottom\">\n<style>.kadence-column2717_d1620f-bc > .kt-inside-inner-col,.kadence-column2717_d1620f-bc > .kt-inside-inner-col:before{border-top-left-radius:0px;border-top-right-radius:0px;border-bottom-right-radius:0px;border-bottom-left-radius:0px;}.kadence-column2717_d1620f-bc > .kt-inside-inner-col{column-gap:var(--global-kb-gap-sm, 1rem);}.kadence-column2717_d1620f-bc > .kt-inside-inner-col{flex-direction:column;}.kadence-column2717_d1620f-bc > .kt-inside-inner-col > .aligncenter{width:100%;}.kadence-column2717_d1620f-bc > .kt-inside-inner-col:before{opacity:0.3;}.kadence-column2717_d1620f-bc{position:relative;}@media all and (max-width: 1024px){.kadence-column2717_d1620f-bc > .kt-inside-inner-col{flex-direction:column;justify-content:center;}}@media all and (max-width: 767px){.kadence-column2717_d1620f-bc > .kt-inside-inner-col{flex-direction:column;justify-content:center;}}<\/style>\n<div class=\"wp-block-kadence-column kadence-column2717_d1620f-bc\"><div class=\"kt-inside-inner-col\"><\/div><\/div>\n\n\n<style>.kadence-column2717_9c0d3b-a6 > .kt-inside-inner-col,.kadence-column2717_9c0d3b-a6 > .kt-inside-inner-col:before{border-top-left-radius:0px;border-top-right-radius:0px;border-bottom-right-radius:0px;border-bottom-left-radius:0px;}.kadence-column2717_9c0d3b-a6 > .kt-inside-inner-col{column-gap:var(--global-kb-gap-sm, 1rem);}.kadence-column2717_9c0d3b-a6 > .kt-inside-inner-col{flex-direction:column;}.kadence-column2717_9c0d3b-a6 > .kt-inside-inner-col > .aligncenter{width:100%;}.kadence-column2717_9c0d3b-a6 > .kt-inside-inner-col:before{opacity:0.3;}.kadence-column2717_9c0d3b-a6{position:relative;}@media all and (max-width: 1024px){.kadence-column2717_9c0d3b-a6 > .kt-inside-inner-col{flex-direction:column;justify-content:center;}}@media all and (max-width: 767px){.kadence-column2717_9c0d3b-a6 > .kt-inside-inner-col{flex-direction:column;justify-content:center;}}<\/style>\n<div class=\"wp-block-kadence-column kadence-column2717_9c0d3b-a6\"><div class=\"kt-inside-inner-col\"><\/div><\/div>\n\n<\/div><\/div>\n\n\n<div class=\"wp-block-columns is-layout-flex wp-container-core-columns-is-layout-9d6595d7 wp-block-columns-is-layout-flex\">\n<div class=\"wp-block-column is-layout-flow wp-block-column-is-layout-flow\"><style>.wp-block-kadence-advancedheading.kt-adv-heading2717_900378-c1, .wp-block-kadence-advancedheading.kt-adv-heading2717_900378-c1[data-kb-block=\"kb-adv-heading2717_900378-c1\"]{margin-top:0px;margin-bottom:22.5px;text-align:center;font-size:var(--global-kb-font-size-xl, 3rem);font-weight:700;font-style:normal;text-transform:capitalize;}.wp-block-kadence-advancedheading.kt-adv-heading2717_900378-c1 mark.kt-highlight, .wp-block-kadence-advancedheading.kt-adv-heading2717_900378-c1[data-kb-block=\"kb-adv-heading2717_900378-c1\"] mark.kt-highlight{font-style:normal;color:#f76a0c;-webkit-box-decoration-break:clone;box-decoration-break:clone;padding-top:0px;padding-right:0px;padding-bottom:0px;padding-left:0px;}.wp-block-kadence-advancedheading.kt-adv-heading2717_900378-c1 img.kb-inline-image, .wp-block-kadence-advancedheading.kt-adv-heading2717_900378-c1[data-kb-block=\"kb-adv-heading2717_900378-c1\"] img.kb-inline-image{width:150px;vertical-align:baseline;}@media all and (max-width: 1024px){.wp-block-kadence-advancedheading.kt-adv-heading2717_900378-c1, .wp-block-kadence-advancedheading.kt-adv-heading2717_900378-c1[data-kb-block=\"kb-adv-heading2717_900378-c1\"]{font-size:80px;text-align:center!important;}}@media all and (max-width: 767px){.wp-block-kadence-advancedheading.kt-adv-heading2717_900378-c1, .wp-block-kadence-advancedheading.kt-adv-heading2717_900378-c1[data-kb-block=\"kb-adv-heading2717_900378-c1\"]{margin-bottom:40px;font-size:45px;line-height:1em;}}<\/style>\n<h1 class=\"kt-adv-heading2717_900378-c1 wp-block-kadence-advancedheading has-theme-palette-3-color has-text-color\" data-kb-block=\"kb-adv-heading2717_900378-c1\">Nos formations<\/h1>\n\n\n\n<div class=\"wp-block-columns is-layout-flex wp-container-core-columns-is-layout-9d6595d7 wp-block-columns-is-layout-flex\">\n<div class=\"wp-block-column is-layout-flow wp-block-column-is-layout-flow\" style=\"flex-basis:100%\">\n<div class=\"formulaire-inscription\">\n  <h3>\ud83d\udcdd S&rsquo;inscrire aux ateliers num\u00e9riques<\/h3>\n  <p>Pour participer \u00e0 nos ateliers, merci de remplir le formulaire suivant :<\/p>\n  <p>\n    <a href=\"https:\/\/docs.google.com\/forms\/d\/1yndJYCWG1DQCMRuFuMQUHO-b53KOzFZeqfZjOZVTKb0\/preview\" target=\"_blank\" class=\"btn-inscription\">\n       \ud83d\udc49 Acc\u00e9der au formulaire d&rsquo;inscription\n    <\/a>\n (Double-Cliquez)\n  <\/p>\n<\/div>\n\n\n\n<div class=\"themes-grid\">\n    <div class=\"theme\">\n      <h3>\ud83d\uddb1\ufe0f Prise en main des outils<\/h3>\n      <ul>\n        <li>Apprendre \u00e0 utiliser un ordinateur, une tablette ou un smartphone<\/li>\n        <li>D\u00e9couvrir le clavier, la souris et les bases de la navigation<\/li>\n        <li>Cr\u00e9er et organiser ses fichiers et dossiers<\/li>\n        <li>Gagner en confiance dans l\u2019utilisation des outils num\u00e9riques du quotidien<\/li>\n      <\/ul>\n    <\/div>\n\n    <div class=\"theme\">\n      <h3>\ud83d\udcec Litt\u00e9ratie num\u00e9rique : vie quotidienne et emploi<\/h3>\n      <ul>\n        <li>R\u00e9diger un CV et une lettre de motivation<\/li>\n        <li>Utiliser une messagerie \u00e9lectronique et participer \u00e0 une visioconf\u00e9rence<\/li>\n        <li>Installer et utiliser des applications utiles<\/li>\n        <li>G\u00e9rer ses documents administratifs num\u00e9riques<\/li>\n      <\/ul>\n    <\/div>\n\n    <div class=\"theme\">\n      <h3>\ud83c\udf10 Comprendre et r\u00e9ussir ses d\u00e9marches en ligne<\/h3>\n      <ul>\n        <li>Cr\u00e9er et g\u00e9rer un compte sur les plateformes administratives (CAF, Ameli&#8230;)<\/li>\n        <li>Scanner, enregistrer et envoyer des documents<\/li>\n        <li>Lire et comprendre les messages administratifs<\/li>\n        <li>Devenir autonome dans ses d\u00e9marches en ligne<\/li>\n      <\/ul>\n    <\/div>\n\n    <div class=\"theme\">\n      <h3>\ud83e\udde0 Culture num\u00e9rique et autonomie<\/h3>\n      <ul>\n        <li>Naviguer en s\u00e9curit\u00e9 sur Internet<\/li>\n        <li>D\u00e9couvrir les bons usages des r\u00e9seaux sociaux<\/li>\n        <li>Prot\u00e9ger ses donn\u00e9es personnelles<\/li>\n        <li>Identifier les arnaques et d\u00e9velopper une autonomie num\u00e9rique durable<\/li>\n      <\/ul>\n    <\/div>\n  <\/div>\n\n\n\n<h2 class=\"wp-block-heading\">II \u2013 Nos ateliers emploi<\/h2>\n\n\n\n<div class=\"emploi-grid\">\n\n    <div class=\"emploi-item\">\n      <h3>\ud83d\udd17 Optimiser son profil LinkedIn<\/h3>\n      <p>Cr\u00e9ez un profil attractif et optimis\u00e9 pour attirer les recruteurs, comprendre le r\u00e9seau professionnel et d\u00e9velopper votre visibilit\u00e9.<\/p>\n      <ul>\n        <li>Cr\u00e9er un profil complet et professionnel<\/li>\n        <li>Optimiser son profil avec des mots-cl\u00e9s strat\u00e9giques<\/li>\n        <li>Publier des contenus pertinents<\/li>\n      <\/ul>\n    <\/div>\n\n    <div class=\"emploi-item\">\n      <h3>\ud83d\udcdd R\u00e9diger un CV et une lettre de motivation percutants<\/h3>\n      <p>Apprenez \u00e0 cr\u00e9er des documents clairs, concis et adapt\u00e9s \u00e0 chaque offre d\u2019emploi.<\/p>\n      <ul>\n        <li>Structurer un CV efficace<\/li>\n        <li>Personnaliser sa lettre de motivation<\/li>\n        <li>Gagner en confiance dans la r\u00e9daction<\/li>\n      <\/ul>\n    <\/div>\n\n    <div class=\"emploi-item\">\n      <h3>\ud83d\udcbc Recherche d\u2019emploi en ligne : sites et strat\u00e9gies efficaces<\/h3>\n      <p>Ma\u00eetrisez les plateformes de recherche d\u2019emploi et d\u00e9veloppez des strat\u00e9gies pour trouver les offres qui vous correspondent.<\/p>\n      <ul>\n        <li>Utiliser les principaux sites (P\u00f4le emploi, Indeed, etc.)<\/li>\n        <li>Appliquer les bons filtres et mots-cl\u00e9s<\/li>\n        <li>Postuler et suivre ses candidatures<\/li>\n      <\/ul>\n    <\/div>\n\n    <div class=\"emploi-item\">\n      <h3>\ud83c\udfa4 Pr\u00e9parer un entretien d\u2019embauche<\/h3>\n      <p>Pr\u00e9parez-vous efficacement aux entretiens, g\u00e9rez votre stress et am\u00e9liorez votre communication.<\/p>\n      <ul>\n        <li>Rechercher des informations sur l\u2019entreprise<\/li>\n        <li>S\u2019entra\u00eener aux questions courantes<\/li>\n        <li>Simulations et feedbacks personnalis\u00e9s<\/li>\n      <\/ul>\n    <\/div>\n  <\/div>\n\n\n\n<h2 class=\"wp-block-heading\">III \u2013 Proposer ou orienter vos publics<\/h2>\n\n\n\n<div class=\"orientation-blocs\">\n    <div class=\"bloc\">\n      <h3>\ud83d\udc65 Orienter vos publics vers Les Connect\u00e9es<\/h3>\n      <p>Certains b\u00e9n\u00e9ficiaires rencontrent des difficult\u00e9s avec le num\u00e9rique. Nous les aidons \u00e0 gagner en autonomie et \u00e0 reprendre confiance dans leurs usages du quotidien gr\u00e2ce \u00e0 des ateliers collectifs ou individuels adapt\u00e9s \u00e0 leur niveau.<\/p>\n    <\/div>\n\n    <div class=\"bloc\">\n      <h3>\ud83c\udfe0 Proposer des ateliers dans vos locaux<\/h3>\n      <p>Les Connect\u00e9es peuvent intervenir directement dans vos structures. Nous co-construisons les ateliers selon vos besoins, pour rendre le num\u00e9rique accessible et rassurant pour vos publics.<\/p>\n    <\/div>\n  <\/div>\n\n\n\n<h2 class=\"wp-block-heading\">IV \u2013 Devenir b\u00e9n\u00e9vole<\/h2>\n\n\n\n<div class=\"benevolat\">\n    <div class=\"benevole\">\n      <h3>\ud83d\udca1 B\u00e9n\u00e9vole animateur(trice) d\u2019ateliers num\u00e9riques<\/h3>\n      <p>Tu aimes aider les autres \u00e0 mieux comprendre le num\u00e9rique ? Rejoins notre \u00e9quipe !<\/p>\n      <ul>\n        <li>Animer des ateliers en petit groupe<\/li>\n        <li>Aider \u00e0 prendre en main les outils essentiels<\/li>\n        <li>Accompagner avec bienveillance et p\u00e9dagogie<\/li>\n      <\/ul>\n      <p><strong>Lieu :<\/strong> Rennes et alentours \u2014 <strong>Engagement flexible<\/strong><\/p>\n    <\/div>\n\n    <div class=\"benevole\">\n      <h3>\ud83e\udd1d Devenez b\u00e9n\u00e9vole et agissez pour l\u2019inclusion num\u00e9rique<\/h3>\n      <p>Partagez vos comp\u00e9tences pour accompagner nos actions en faveur de l\u2019inclusion, de l\u2019emploi et de l\u2019autonomie des femmes.<\/p>\n      <ul>\n        <li>Animer ou coanimer des ateliers num\u00e9riques<\/li>\n        <li>Accompagner individuellement des b\u00e9n\u00e9ficiaires<\/li>\n        <li>Participer \u00e0 la communication ou la logistique des actions<\/li>\n      <\/ul>\n    <\/div>\n  <\/div>\n<\/div>\n<\/div>\n<\/div>\n<\/div>\n\n\n\n<div class=\"wp-block-columns is-layout-flex wp-container-core-columns-is-layout-9d6595d7 wp-block-columns-is-layout-flex\">\n<div class=\"wp-block-column is-layout-flow wp-block-column-is-layout-flow\">\n<div class=\"wp-block-columns is-layout-flex wp-container-core-columns-is-layout-9d6595d7 wp-block-columns-is-layout-flex\">\n<div class=\"wp-block-column is-layout-flow wp-block-column-is-layout-flow\"><\/div>\n\n\n\n<div class=\"wp-block-column is-layout-flow wp-block-column-is-layout-flow\"><\/div>\n<\/div>\n<\/div>\n<\/div>\n<\/div><\/div>\n\n<\/div><\/div>\n\n\n<p><\/p>\n\n\n\n<p><\/p>\n","protected":false},"excerpt":{"rendered":"<p>Nos formations \ud83d\udcdd S&rsquo;inscrire aux ateliers num\u00e9riques Pour participer \u00e0 nos ateliers, merci de remplir le formulaire suivant : \ud83d\udc49 Acc\u00e9der au formulaire d&rsquo;inscription (Double-Cliquez) \ud83d\uddb1\ufe0f Prise en main des outils Apprendre \u00e0 utiliser un ordinateur, une tablette ou un smartphone D\u00e9couvrir le clavier, la souris et les bases de la navigation Cr\u00e9er et organiser&#8230;<\/p>\n","protected":false},"author":1,"featured_media":3081,"parent":0,"menu_order":0,"comment_status":"closed","ping_status":"closed","template":"","meta":{"_kadence_starter_templates_imported_post":true,"_kad_post_transparent":"","_kad_post_title":"hide","_kad_post_layout":"fullwidth","_kad_post_sidebar_id":"","_kad_post_content_style":"unboxed","_kad_post_vertical_padding":"hide","_kad_post_feature":"hide","_kad_post_feature_position":"","_kad_post_header":false,"_kad_post_footer":false,"_kad_post_classname":"","footnotes":""},"class_list":["post-2717","page","type-page","status-publish","has-post-thumbnail","hentry"],"_links":{"self":[{"href":"https:\/\/lesconnectees.org\/index.php\/wp-json\/wp\/v2\/pages\/2717","targetHints":{"allow":["GET"]}}],"collection":[{"href":"https:\/\/lesconnectees.org\/index.php\/wp-json\/wp\/v2\/pages"}],"about":[{"href":"https:\/\/lesconnectees.org\/index.php\/wp-json\/wp\/v2\/types\/page"}],"author":[{"embeddable":true,"href":"https:\/\/lesconnectees.org\/index.php\/wp-json\/wp\/v2\/users\/1"}],"replies":[{"embeddable":true,"href":"https:\/\/lesconnectees.org\/index.php\/wp-json\/wp\/v2\/comments?post=2717"}],"version-history":[{"count":24,"href":"https:\/\/lesconnectees.org\/index.php\/wp-json\/wp\/v2\/pages\/2717\/revisions"}],"predecessor-version":[{"id":3865,"href":"https:\/\/lesconnectees.org\/index.php\/wp-json\/wp\/v2\/pages\/2717\/revisions\/3865"}],"wp:featuredmedia":[{"embeddable":true,"href":"https:\/\/lesconnectees.org\/index.php\/wp-json\/wp\/v2\/media\/3081"}],"wp:attachment":[{"href":"https:\/\/lesconnectees.org\/index.php\/wp-json\/wp\/v2\/media?parent=2717"}],"curies":[{"name":"wp","href":"https:\/\/api.w.org\/{rel}","templated":true}]}}