{"id":2664,"date":"2021-04-19T11:56:16","date_gmt":"2021-04-19T11:56:16","guid":{"rendered":"https:\/\/stage.startertemplatecloud.com\/g04\/?page_id=2664"},"modified":"2025-10-31T15:58:12","modified_gmt":"2025-10-31T14:58:12","slug":"contact","status":"publish","type":"page","link":"https:\/\/lesconnectees.org\/index.php\/contact\/","title":{"rendered":"Contact"},"content":{"rendered":"<style>.kb-row-layout-wrap.wp-block-kadence-rowlayout.kb-row-layout-id2664_55a924-1e{margin-top:0px;margin-bottom:0px;}.kb-row-layout-id2664_55a924-1e > .kt-row-column-wrap{align-content:end;}:where(.kb-row-layout-id2664_55a924-1e > .kt-row-column-wrap) > .wp-block-kadence-column{justify-content:end;}.kb-row-layout-id2664_55a924-1e > .kt-row-column-wrap{column-gap:var(--global-kb-gap-none, 0rem );row-gap:var(--global-kb-gap-none, 0rem );padding-top:0px;padding-right:0px;padding-bottom:0px;padding-left:0px;grid-template-columns:minmax(0, 1fr);}.kb-row-layout-id2664_55a924-1e{border-top-left-radius:0px;border-top-right-radius:0px;border-bottom-right-radius:0px;border-bottom-left-radius:0px;}.kb-row-layout-id2664_55a924-1e > .kt-row-layout-overlay{opacity:0.30;}@media all and (max-width: 1024px){.kb-row-layout-id2664_55a924-1e > .kt-row-column-wrap{grid-template-columns:minmax(0, 1fr);}}@media all and (max-width: 767px){.kb-row-layout-id2664_55a924-1e > .kt-row-column-wrap{grid-template-columns:minmax(0, 1fr);}}<\/style><div class=\"kb-row-layout-wrap kb-row-layout-id2664_55a924-1e alignnone wp-block-kadence-rowlayout\"><div class=\"kt-row-column-wrap kt-has-1-columns kt-row-layout-equal kt-tab-layout-inherit kt-mobile-layout-row kt-row-valign-bottom\">\n<style>.kadence-column2664_ccef34-42 > .kt-inside-inner-col{padding-top:0px;padding-right:0px;padding-bottom:0px;padding-left:0px;}.kadence-column2664_ccef34-42 > .kt-inside-inner-col,.kadence-column2664_ccef34-42 > .kt-inside-inner-col:before{border-top-left-radius:10px;border-top-right-radius:10px;border-bottom-right-radius:10px;border-bottom-left-radius:10px;}.kadence-column2664_ccef34-42 > .kt-inside-inner-col{column-gap:var(--global-kb-gap-sm, 1rem);}.kadence-column2664_ccef34-42 > .kt-inside-inner-col{flex-direction:column;}.kadence-column2664_ccef34-42 > .kt-inside-inner-col > .aligncenter{width:100%;}.kadence-column2664_ccef34-42 > .kt-inside-inner-col{background-color:#d8dee3;background-image:url('http:\/\/lesconnectees.org\/wp-content\/uploads\/2020\/11\/page_bg_03.jpg');background-size:cover;background-position:center center;background-attachment:scroll;background-repeat:no-repeat;}.kadence-column2664_ccef34-42 > .kt-inside-inner-col:before{opacity:0.3;}.kadence-column2664_ccef34-42{position:relative;}.kadence-column2664_ccef34-42, .kt-inside-inner-col > .kadence-column2664_ccef34-42:not(.specificity){margin-top:10px;margin-right:20px;margin-bottom:0px;margin-left:20px;}@media all and (max-width: 1024px){.kadence-column2664_ccef34-42 > .kt-inside-inner-col{padding-top:0px;padding-right:30px;padding-bottom:30px;padding-left:30px;flex-direction:column;justify-content:center;}}@media all and (max-width: 1024px){.kadence-column2664_ccef34-42, .kt-inside-inner-col > .kadence-column2664_ccef34-42:not(.specificity){margin-top:0px;margin-right:0px;margin-bottom:0px;margin-left:0px;}}@media all and (max-width: 767px){.kadence-column2664_ccef34-42 > .kt-inside-inner-col{padding-top:0px;padding-right:30px;padding-bottom:0px;padding-left:30px;flex-direction:column;justify-content:center;}.kadence-column2664_ccef34-42, .kt-inside-inner-col > .kadence-column2664_ccef34-42:not(.specificity){margin-top:0px;margin-right:0px;margin-bottom:0px;margin-left:0px;}}<\/style>\n<div class=\"wp-block-kadence-column kadence-column2664_ccef34-42 inner-column-1\"><div class=\"kt-inside-inner-col\"><style>.kb-row-layout-wrap.wp-block-kadence-rowlayout.kb-row-layout-id2664_8f48ac-43{margin-top:150px;margin-bottom:0px;}.kb-row-layout-id2664_8f48ac-43 > .kt-row-column-wrap{align-content:end;}:where(.kb-row-layout-id2664_8f48ac-43 > .kt-row-column-wrap) > .wp-block-kadence-column{justify-content:end;}.kb-row-layout-id2664_8f48ac-43 > .kt-row-column-wrap{column-gap:var(--global-kb-gap-none, 0rem );row-gap:var(--global-kb-gap-none, 0rem );max-width:1140px;margin-left:auto;margin-right:auto;padding-top:0px;padding-right:0px;padding-bottom:0px;padding-left:0px;grid-template-columns:minmax(0, calc(47.2% - ((var(--global-kb-gap-none, 0rem ) * 1 )\/2)))minmax(0, calc(52.8% - ((var(--global-kb-gap-none, 0rem ) * 1 )\/2)));}.kb-row-layout-id2664_8f48ac-43 > .kt-row-layout-overlay{opacity:0.30;}@media all and (max-width: 1024px){.kb-row-layout-id2664_8f48ac-43 > .kt-row-column-wrap{grid-template-columns:minmax(0, 1fr);}}@media all and (max-width: 767px){.kb-row-layout-wrap.wp-block-kadence-rowlayout.kb-row-layout-id2664_8f48ac-43{margin-top:0px;margin-bottom:0px;}.kb-row-layout-id2664_8f48ac-43 > .kt-row-column-wrap{padding-top:0px;padding-right:0px;padding-bottom:0px;padding-left:0px;grid-template-columns:minmax(0, 1fr);}}<\/style><div class=\"kb-row-layout-wrap kb-row-layout-id2664_8f48ac-43 alignnone wp-block-kadence-rowlayout\"><div class=\"kt-row-column-wrap kt-has-2-columns kt-row-layout-equal kt-tab-layout-row kt-mobile-layout-row kt-row-valign-bottom\">\n<style>.kadence-column2664_c42d3c-79 > .kt-inside-inner-col,.kadence-column2664_c42d3c-79 > .kt-inside-inner-col:before{border-top-left-radius:0px;border-top-right-radius:0px;border-bottom-right-radius:0px;border-bottom-left-radius:0px;}.kadence-column2664_c42d3c-79 > .kt-inside-inner-col{column-gap:var(--global-kb-gap-sm, 1rem);}.kadence-column2664_c42d3c-79 > .kt-inside-inner-col{flex-direction:column;}.kadence-column2664_c42d3c-79 > .kt-inside-inner-col > .aligncenter{width:100%;}.kadence-column2664_c42d3c-79 > .kt-inside-inner-col:before{opacity:0.3;}.kadence-column2664_c42d3c-79{position:relative;}@media all and (max-width: 1024px){.kadence-column2664_c42d3c-79 > .kt-inside-inner-col{flex-direction:column;justify-content:center;}}@media all and (max-width: 767px){.kadence-column2664_c42d3c-79 > .kt-inside-inner-col{flex-direction:column;justify-content:center;}}<\/style>\n<div class=\"wp-block-kadence-column kadence-column2664_c42d3c-79\"><div class=\"kt-inside-inner-col\"><\/div><\/div>\n\n\n<style>.kadence-column2664_07dc8b-b1 > .kt-inside-inner-col,.kadence-column2664_07dc8b-b1 > .kt-inside-inner-col:before{border-top-left-radius:0px;border-top-right-radius:0px;border-bottom-right-radius:0px;border-bottom-left-radius:0px;}.kadence-column2664_07dc8b-b1 > .kt-inside-inner-col{column-gap:var(--global-kb-gap-sm, 1rem);}.kadence-column2664_07dc8b-b1 > .kt-inside-inner-col{flex-direction:column;}.kadence-column2664_07dc8b-b1 > .kt-inside-inner-col > .aligncenter{width:100%;}.kadence-column2664_07dc8b-b1 > .kt-inside-inner-col:before{opacity:0.3;}.kadence-column2664_07dc8b-b1{position:relative;}@media all and (max-width: 1024px){.kadence-column2664_07dc8b-b1 > .kt-inside-inner-col{flex-direction:column;justify-content:center;}}@media all and (max-width: 767px){.kadence-column2664_07dc8b-b1 > .kt-inside-inner-col{flex-direction:column;justify-content:center;}}<\/style>\n<div class=\"wp-block-kadence-column kadence-column2664_07dc8b-b1\"><div class=\"kt-inside-inner-col\">\n<div class=\"wp-block-columns is-layout-flex wp-container-core-columns-is-layout-9d6595d7 wp-block-columns-is-layout-flex\">\n<div class=\"wp-block-column is-layout-flow wp-block-column-is-layout-flow\"><\/div>\n<\/div>\n<\/div><\/div>\n\n<\/div><\/div><\/div><\/div>\n\n<\/div><\/div>\n\n\n<p class=\"has-text-align-center has-large-font-size\"><strong>Nous contacter<\/strong><\/p>\n\n\n\n<h3 class=\"wp-block-heading has-text-align-center\" id=\"h.o43szr4k4hij_l\">Les bureaux de l&rsquo;association se situent \u00e0 la maison des associations, 6 cours des Alli\u00e9s \u00e0 Rennes.&nbsp;<\/h3>\n\n\n\n<h3 class=\"wp-block-heading has-text-align-center\" id=\"h.efq3ee239bw6_l\">Elle est accessible par les transports en commun (ligne a arr\u00eat Charles De Gaulle).<\/h3>\n\n\n\n<h3 class=\"wp-block-heading has-text-align-center\" id=\"h.jsf4sms72bq5_l\">&nbsp;Les bureaux sont au premier \u00e9tage, dans l&rsquo;espace nomm\u00e9 La P\u00e9pini\u00e8re, premi\u00e8re porte \u00e0 gauche.<\/h3>\n\n\n<style>.wp-block-kadence-advancedbtn.kb-btns2664_5c66b0-53{gap:var(--global-kb-gap-xs, 0.5rem );justify-content:center;align-items:center;}.kt-btns2664_5c66b0-53 .kt-button{font-weight:normal;font-style:normal;}.kt-btns2664_5c66b0-53 .kt-btn-wrap-0{margin-right:5px;}.wp-block-kadence-advancedbtn.kt-btns2664_5c66b0-53 .kt-btn-wrap-0 .kt-button{color:#555555;border-color:#555555;}.wp-block-kadence-advancedbtn.kt-btns2664_5c66b0-53 .kt-btn-wrap-0 .kt-button:hover, .wp-block-kadence-advancedbtn.kt-btns2664_5c66b0-53 .kt-btn-wrap-0 .kt-button:focus{color:#ffffff;border-color:#444444;}.wp-block-kadence-advancedbtn.kt-btns2664_5c66b0-53 .kt-btn-wrap-0 .kt-button::before{display:none;}.wp-block-kadence-advancedbtn.kt-btns2664_5c66b0-53 .kt-btn-wrap-0 .kt-button:hover, .wp-block-kadence-advancedbtn.kt-btns2664_5c66b0-53 .kt-btn-wrap-0 .kt-button:focus{background:#444444;}<\/style>\n<div class=\"wp-block-kadence-advancedbtn kb-buttons-wrap kb-btns2664_5c66b0-53\"><style>ul.menu .wp-block-kadence-advancedbtn .kb-btn2664_3e4e74-4a.kb-button{width:initial;}<\/style><a class=\"kb-button kt-button button kb-btn2664_3e4e74-4a kt-btn-size-standard kt-btn-width-type-auto kb-btn-global-fill  kt-btn-has-text-true kt-btn-has-svg-false  wp-block-kadence-singlebtn\" href=\"https:\/\/docs.google.com\/forms\/d\/1RnJGHpkpCEWt90_28qSnRKzk9WOtsir0s76-p0k4goA\/viewform?edit_requested=true\"><span class=\"kt-btn-inner-text\">Nous contacter<\/span><\/a><\/div>\n\n\n\n<p><\/p>\n\n\n\n<p><\/p>\n\n\n\n<p><\/p>\n\n\n\n<p><\/p>\n\n\n\n<p><\/p>\n","protected":false},"excerpt":{"rendered":"<p>Nous contacter Les bureaux de l&rsquo;association se situent \u00e0 la maison des associations, 6 cours des Alli\u00e9s \u00e0 Rennes.&nbsp; Elle est accessible par les transports en commun (ligne a arr\u00eat Charles De Gaulle). &nbsp;Les bureaux sont au premier \u00e9tage, dans l&rsquo;espace nomm\u00e9 La P\u00e9pini\u00e8re, premi\u00e8re porte \u00e0 gauche.<\/p>\n","protected":false},"author":1,"featured_media":3079,"parent":0,"menu_order":0,"comment_status":"closed","ping_status":"closed","template":"","meta":{"_kadence_starter_templates_imported_post":true,"_kad_post_transparent":"","_kad_post_title":"hide","_kad_post_layout":"fullwidth","_kad_post_sidebar_id":"","_kad_post_content_style":"unboxed","_kad_post_vertical_padding":"hide","_kad_post_feature":"hide","_kad_post_feature_position":"","_kad_post_header":false,"_kad_post_footer":false,"_kad_post_classname":"","footnotes":""},"class_list":["post-2664","page","type-page","status-publish","has-post-thumbnail","hentry"],"_links":{"self":[{"href":"https:\/\/lesconnectees.org\/index.php\/wp-json\/wp\/v2\/pages\/2664","targetHints":{"allow":["GET"]}}],"collection":[{"href":"https:\/\/lesconnectees.org\/index.php\/wp-json\/wp\/v2\/pages"}],"about":[{"href":"https:\/\/lesconnectees.org\/index.php\/wp-json\/wp\/v2\/types\/page"}],"author":[{"embeddable":true,"href":"https:\/\/lesconnectees.org\/index.php\/wp-json\/wp\/v2\/users\/1"}],"replies":[{"embeddable":true,"href":"https:\/\/lesconnectees.org\/index.php\/wp-json\/wp\/v2\/comments?post=2664"}],"version-history":[{"count":5,"href":"https:\/\/lesconnectees.org\/index.php\/wp-json\/wp\/v2\/pages\/2664\/revisions"}],"predecessor-version":[{"id":3621,"href":"https:\/\/lesconnectees.org\/index.php\/wp-json\/wp\/v2\/pages\/2664\/revisions\/3621"}],"wp:featuredmedia":[{"embeddable":true,"href":"https:\/\/lesconnectees.org\/index.php\/wp-json\/wp\/v2\/media\/3079"}],"wp:attachment":[{"href":"https:\/\/lesconnectees.org\/index.php\/wp-json\/wp\/v2\/media?parent=2664"}],"curies":[{"name":"wp","href":"https:\/\/api.w.org\/{rel}","templated":true}]}}